{"id":602,"date":"2018-08-20T09:48:46","date_gmt":"2018-08-20T09:48:46","guid":{"rendered":"https:\/\/imaxilodental.com\/?page_id=602"},"modified":"2022-02-08T12:01:53","modified_gmt":"2022-02-08T12:01:53","slug":"ortodoncia","status":"publish","type":"page","link":"https:\/\/imaxilodental.com\/ca\/ortodoncia\/","title":{"rendered":"Ortod\u00f2ncia"},"content":{"rendered":"","protected":false},"excerpt":{"rendered":"","protected":false},"author":1,"featured_media":0,"parent":0,"menu_order":0,"comment_status":"closed","ping_status":"closed","template":"page-pagebuilder.php","meta":{"footnotes":""},"class_list":["post-602","page","type-page","status-publish","hentry"],"yoast_head":"<!-- This site is optimized with the Yoast SEO plugin v27.2 - https:\/\/yoast.com\/product\/yoast-seo-wordpress\/ -->\n<title>Ortod\u00f2ncia - iMaxilodental<\/title>\n<meta name=\"description\" content=\"La correcci\u00f3 de la mossegada comporta importants beneficis funcionals i est\u00e8tics. Tractaments discrets i poc invasius.\" \/>\n<meta name=\"robots\" content=\"index, follow, max-snippet:-1, max-image-preview:large, max-video-preview:-1\" \/>\n<link rel=\"canonical\" href=\"https:\/\/imaxilodental.com\/ca\/ortodoncia\/\" \/>\n<meta property=\"og:locale\" content=\"ca_ES\" \/>\n<meta property=\"og:type\" content=\"article\" \/>\n<meta property=\"og:title\" content=\"Ortod\u00f2ncia - iMaxilodental\" \/>\n<meta property=\"og:description\" content=\"La correcci\u00f3 de la mossegada comporta importants beneficis funcionals i est\u00e8tics. Tractaments discrets i poc invasius.\" \/>\n<meta property=\"og:url\" content=\"https:\/\/imaxilodental.com\/ca\/ortodoncia\/\" \/>\n<meta property=\"og:site_name\" content=\"iMaxilodental\" \/>\n<meta property=\"article:modified_time\" content=\"2022-02-08T12:01:53+00:00\" \/>\n<script type=\"application\/ld+json\" class=\"yoast-schema-graph\">{\"@context\":\"https:\/\/schema.org\",\"@graph\":[{\"@type\":\"WebPage\",\"@id\":\"https:\/\/imaxilodental.com\/ca\/ortodoncia\/\",\"url\":\"https:\/\/imaxilodental.com\/ca\/ortodoncia\/\",\"name\":\"Ortod\u00f2ncia - iMaxilodental\",\"isPartOf\":{\"@id\":\"https:\/\/imaxilodental.com\/#website\"},\"datePublished\":\"2018-08-20T09:48:46+00:00\",\"dateModified\":\"2022-02-08T12:01:53+00:00\",\"description\":\"La correcci\u00f3 de la mossegada comporta importants beneficis funcionals i est\u00e8tics. Tractaments discrets i poc invasius.\",\"breadcrumb\":{\"@id\":\"https:\/\/imaxilodental.com\/ca\/ortodoncia\/#breadcrumb\"},\"inLanguage\":\"ca\",\"potentialAction\":[{\"@type\":\"ReadAction\",\"target\":[\"https:\/\/imaxilodental.com\/ca\/ortodoncia\/\"]}]},{\"@type\":\"BreadcrumbList\",\"@id\":\"https:\/\/imaxilodental.com\/ca\/ortodoncia\/#breadcrumb\",\"itemListElement\":[{\"@type\":\"ListItem\",\"position\":1,\"name\":\"Portada\",\"item\":\"https:\/\/imaxilodental.com\/ca\/\"},{\"@type\":\"ListItem\",\"position\":2,\"name\":\"Ortod\u00f2ncia\"}]},{\"@type\":\"WebSite\",\"@id\":\"https:\/\/imaxilodental.com\/#website\",\"url\":\"https:\/\/imaxilodental.com\/\",\"name\":\"iMaxilodental\",\"description\":\"\",\"potentialAction\":[{\"@type\":\"SearchAction\",\"target\":{\"@type\":\"EntryPoint\",\"urlTemplate\":\"https:\/\/imaxilodental.com\/?s={search_term_string}\"},\"query-input\":{\"@type\":\"PropertyValueSpecification\",\"valueRequired\":true,\"valueName\":\"search_term_string\"}}],\"inLanguage\":\"ca\"}]}<\/script>\n<!-- \/ Yoast SEO plugin. -->","yoast_head_json":{"title":"Ortod\u00f2ncia - iMaxilodental","description":"La correcci\u00f3 de la mossegada comporta importants beneficis funcionals i est\u00e8tics. Tractaments discrets i poc invasius.","robots":{"index":"index","follow":"follow","max-snippet":"max-snippet:-1","max-image-preview":"max-image-preview:large","max-video-preview":"max-video-preview:-1"},"canonical":"https:\/\/imaxilodental.com\/ca\/ortodoncia\/","og_locale":"ca_ES","og_type":"article","og_title":"Ortod\u00f2ncia - iMaxilodental","og_description":"La correcci\u00f3 de la mossegada comporta importants beneficis funcionals i est\u00e8tics. Tractaments discrets i poc invasius.","og_url":"https:\/\/imaxilodental.com\/ca\/ortodoncia\/","og_site_name":"iMaxilodental","article_modified_time":"2022-02-08T12:01:53+00:00","schema":{"@context":"https:\/\/schema.org","@graph":[{"@type":"WebPage","@id":"https:\/\/imaxilodental.com\/ca\/ortodoncia\/","url":"https:\/\/imaxilodental.com\/ca\/ortodoncia\/","name":"Ortod\u00f2ncia - iMaxilodental","isPartOf":{"@id":"https:\/\/imaxilodental.com\/#website"},"datePublished":"2018-08-20T09:48:46+00:00","dateModified":"2022-02-08T12:01:53+00:00","description":"La correcci\u00f3 de la mossegada comporta importants beneficis funcionals i est\u00e8tics. Tractaments discrets i poc invasius.","breadcrumb":{"@id":"https:\/\/imaxilodental.com\/ca\/ortodoncia\/#breadcrumb"},"inLanguage":"ca","potentialAction":[{"@type":"ReadAction","target":["https:\/\/imaxilodental.com\/ca\/ortodoncia\/"]}]},{"@type":"BreadcrumbList","@id":"https:\/\/imaxilodental.com\/ca\/ortodoncia\/#breadcrumb","itemListElement":[{"@type":"ListItem","position":1,"name":"Portada","item":"https:\/\/imaxilodental.com\/ca\/"},{"@type":"ListItem","position":2,"name":"Ortod\u00f2ncia"}]},{"@type":"WebSite","@id":"https:\/\/imaxilodental.com\/#website","url":"https:\/\/imaxilodental.com\/","name":"iMaxilodental","description":"","potentialAction":[{"@type":"SearchAction","target":{"@type":"EntryPoint","urlTemplate":"https:\/\/imaxilodental.com\/?s={search_term_string}"},"query-input":{"@type":"PropertyValueSpecification","valueRequired":true,"valueName":"search_term_string"}}],"inLanguage":"ca"}]}},"meta_box":{"header-image":[],"header-title":"","header-text":"","header-cta":"","form-intro":[],"form-code":"","ready-image-before":[],"ready-image-after":[],"ready-title":"","ready-text":"","finance-image":[],"finance-title":"","finance-text":"","highlights-title":"","highlights":[],"patients-title":"","patients":[],"footer-text":"","footer-image":[],"footer-cta-text":""},"_links":{"self":[{"href":"https:\/\/imaxilodental.com\/ca\/wp-json\/wp\/v2\/pages\/602","targetHints":{"allow":["GET"]}}],"collection":[{"href":"https:\/\/imaxilodental.com\/ca\/wp-json\/wp\/v2\/pages"}],"about":[{"href":"https:\/\/imaxilodental.com\/ca\/wp-json\/wp\/v2\/types\/page"}],"author":[{"embeddable":true,"href":"https:\/\/imaxilodental.com\/ca\/wp-json\/wp\/v2\/users\/1"}],"replies":[{"embeddable":true,"href":"https:\/\/imaxilodental.com\/ca\/wp-json\/wp\/v2\/comments?post=602"}],"version-history":[{"count":1,"href":"https:\/\/imaxilodental.com\/ca\/wp-json\/wp\/v2\/pages\/602\/revisions"}],"predecessor-version":[{"id":603,"href":"https:\/\/imaxilodental.com\/ca\/wp-json\/wp\/v2\/pages\/602\/revisions\/603"}],"wp:attachment":[{"href":"https:\/\/imaxilodental.com\/ca\/wp-json\/wp\/v2\/media?parent=602"}],"curies":[{"name":"wp","href":"https:\/\/api.w.org\/{rel}","templated":true}]}}