{"id":594,"date":"2018-08-20T09:42:35","date_gmt":"2018-08-20T09:42:35","guid":{"rendered":"https:\/\/imaxilodental.com\/?page_id=594"},"modified":"2024-06-18T11:10:51","modified_gmt":"2024-06-18T11:10:51","slug":"implants-dentals-en-mollet","status":"publish","type":"page","link":"https:\/\/imaxilodental.com\/ca\/implants-dentals-en-mollet\/","title":{"rendered":"Implantologia"},"content":{"rendered":"","protected":false},"excerpt":{"rendered":"","protected":false},"author":1,"featured_media":0,"parent":0,"menu_order":0,"comment_status":"closed","ping_status":"closed","template":"page-pagebuilder.php","meta":{"footnotes":""},"class_list":["post-594","page","type-page","status-publish","hentry"],"yoast_head":"<!-- This site is optimized with the Yoast SEO plugin v27.2 - https:\/\/yoast.com\/product\/yoast-seo-wordpress\/ -->\n<title>Implantologia - iMaxilodental<\/title>\n<meta name=\"description\" content=\"Implants dentals: l&#039;\u00fanica soluci\u00f3 a llarg termini per a les p\u00e8rdues dentals i \u00f2ssies. Peces indistingibles de les peces naturals.\" \/>\n<meta name=\"robots\" content=\"index, follow, max-snippet:-1, max-image-preview:large, max-video-preview:-1\" \/>\n<link rel=\"canonical\" href=\"https:\/\/imaxilodental.com\/ca\/implants-dentals-en-mollet\/\" \/>\n<meta property=\"og:locale\" content=\"ca_ES\" \/>\n<meta property=\"og:type\" content=\"article\" \/>\n<meta property=\"og:title\" content=\"Implantologia - iMaxilodental\" \/>\n<meta property=\"og:description\" content=\"Implants dentals: l&#039;\u00fanica soluci\u00f3 a llarg termini per a les p\u00e8rdues dentals i \u00f2ssies. Peces indistingibles de les peces naturals.\" \/>\n<meta property=\"og:url\" content=\"https:\/\/imaxilodental.com\/ca\/implants-dentals-en-mollet\/\" \/>\n<meta property=\"og:site_name\" content=\"iMaxilodental\" \/>\n<meta property=\"article:modified_time\" content=\"2024-06-18T11:10:51+00:00\" \/>\n<script type=\"application\/ld+json\" class=\"yoast-schema-graph\">{\"@context\":\"https:\/\/schema.org\",\"@graph\":[{\"@type\":\"WebPage\",\"@id\":\"https:\/\/imaxilodental.com\/ca\/implants-dentals-en-mollet\/\",\"url\":\"https:\/\/imaxilodental.com\/ca\/implants-dentals-en-mollet\/\",\"name\":\"Implantologia - iMaxilodental\",\"isPartOf\":{\"@id\":\"https:\/\/imaxilodental.com\/#website\"},\"datePublished\":\"2018-08-20T09:42:35+00:00\",\"dateModified\":\"2024-06-18T11:10:51+00:00\",\"description\":\"Implants dentals: l'\u00fanica soluci\u00f3 a llarg termini per a les p\u00e8rdues dentals i \u00f2ssies. Peces indistingibles de les peces naturals.\",\"breadcrumb\":{\"@id\":\"https:\/\/imaxilodental.com\/ca\/implants-dentals-en-mollet\/#breadcrumb\"},\"inLanguage\":\"ca\",\"potentialAction\":[{\"@type\":\"ReadAction\",\"target\":[\"https:\/\/imaxilodental.com\/ca\/implants-dentals-en-mollet\/\"]}]},{\"@type\":\"BreadcrumbList\",\"@id\":\"https:\/\/imaxilodental.com\/ca\/implants-dentals-en-mollet\/#breadcrumb\",\"itemListElement\":[{\"@type\":\"ListItem\",\"position\":1,\"name\":\"Portada\",\"item\":\"https:\/\/imaxilodental.com\/ca\/\"},{\"@type\":\"ListItem\",\"position\":2,\"name\":\"Implantologia\"}]},{\"@type\":\"WebSite\",\"@id\":\"https:\/\/imaxilodental.com\/#website\",\"url\":\"https:\/\/imaxilodental.com\/\",\"name\":\"iMaxilodental\",\"description\":\"\",\"potentialAction\":[{\"@type\":\"SearchAction\",\"target\":{\"@type\":\"EntryPoint\",\"urlTemplate\":\"https:\/\/imaxilodental.com\/?s={search_term_string}\"},\"query-input\":{\"@type\":\"PropertyValueSpecification\",\"valueRequired\":true,\"valueName\":\"search_term_string\"}}],\"inLanguage\":\"ca\"}]}<\/script>\n<!-- \/ Yoast SEO plugin. -->","yoast_head_json":{"title":"Implantologia - iMaxilodental","description":"Implants dentals: l'\u00fanica soluci\u00f3 a llarg termini per a les p\u00e8rdues dentals i \u00f2ssies. Peces indistingibles de les peces naturals.","robots":{"index":"index","follow":"follow","max-snippet":"max-snippet:-1","max-image-preview":"max-image-preview:large","max-video-preview":"max-video-preview:-1"},"canonical":"https:\/\/imaxilodental.com\/ca\/implants-dentals-en-mollet\/","og_locale":"ca_ES","og_type":"article","og_title":"Implantologia - iMaxilodental","og_description":"Implants dentals: l'\u00fanica soluci\u00f3 a llarg termini per a les p\u00e8rdues dentals i \u00f2ssies. Peces indistingibles de les peces naturals.","og_url":"https:\/\/imaxilodental.com\/ca\/implants-dentals-en-mollet\/","og_site_name":"iMaxilodental","article_modified_time":"2024-06-18T11:10:51+00:00","schema":{"@context":"https:\/\/schema.org","@graph":[{"@type":"WebPage","@id":"https:\/\/imaxilodental.com\/ca\/implants-dentals-en-mollet\/","url":"https:\/\/imaxilodental.com\/ca\/implants-dentals-en-mollet\/","name":"Implantologia - iMaxilodental","isPartOf":{"@id":"https:\/\/imaxilodental.com\/#website"},"datePublished":"2018-08-20T09:42:35+00:00","dateModified":"2024-06-18T11:10:51+00:00","description":"Implants dentals: l'\u00fanica soluci\u00f3 a llarg termini per a les p\u00e8rdues dentals i \u00f2ssies. Peces indistingibles de les peces naturals.","breadcrumb":{"@id":"https:\/\/imaxilodental.com\/ca\/implants-dentals-en-mollet\/#breadcrumb"},"inLanguage":"ca","potentialAction":[{"@type":"ReadAction","target":["https:\/\/imaxilodental.com\/ca\/implants-dentals-en-mollet\/"]}]},{"@type":"BreadcrumbList","@id":"https:\/\/imaxilodental.com\/ca\/implants-dentals-en-mollet\/#breadcrumb","itemListElement":[{"@type":"ListItem","position":1,"name":"Portada","item":"https:\/\/imaxilodental.com\/ca\/"},{"@type":"ListItem","position":2,"name":"Implantologia"}]},{"@type":"WebSite","@id":"https:\/\/imaxilodental.com\/#website","url":"https:\/\/imaxilodental.com\/","name":"iMaxilodental","description":"","potentialAction":[{"@type":"SearchAction","target":{"@type":"EntryPoint","urlTemplate":"https:\/\/imaxilodental.com\/?s={search_term_string}"},"query-input":{"@type":"PropertyValueSpecification","valueRequired":true,"valueName":"search_term_string"}}],"inLanguage":"ca"}]}},"meta_box":{"header-image":[],"header-title":"","header-text":"","header-cta":"","form-intro":[],"form-code":"","ready-image-before":[],"ready-image-after":[],"ready-title":"","ready-text":"","finance-image":[],"finance-title":"","finance-text":"","highlights-title":"","highlights":[],"patients-title":"","patients":[],"footer-text":"","footer-image":[],"footer-cta-text":""},"_links":{"self":[{"href":"https:\/\/imaxilodental.com\/ca\/wp-json\/wp\/v2\/pages\/594","targetHints":{"allow":["GET"]}}],"collection":[{"href":"https:\/\/imaxilodental.com\/ca\/wp-json\/wp\/v2\/pages"}],"about":[{"href":"https:\/\/imaxilodental.com\/ca\/wp-json\/wp\/v2\/types\/page"}],"author":[{"embeddable":true,"href":"https:\/\/imaxilodental.com\/ca\/wp-json\/wp\/v2\/users\/1"}],"replies":[{"embeddable":true,"href":"https:\/\/imaxilodental.com\/ca\/wp-json\/wp\/v2\/comments?post=594"}],"version-history":[{"count":1,"href":"https:\/\/imaxilodental.com\/ca\/wp-json\/wp\/v2\/pages\/594\/revisions"}],"predecessor-version":[{"id":595,"href":"https:\/\/imaxilodental.com\/ca\/wp-json\/wp\/v2\/pages\/594\/revisions\/595"}],"wp:attachment":[{"href":"https:\/\/imaxilodental.com\/ca\/wp-json\/wp\/v2\/media?parent=594"}],"curies":[{"name":"wp","href":"https:\/\/api.w.org\/{rel}","templated":true}]}}