{"id":585,"date":"2018-08-20T09:21:07","date_gmt":"2018-08-20T09:21:07","guid":{"rendered":"https:\/\/imaxilodental.com\/?page_id=585"},"modified":"2022-02-08T11:36:52","modified_gmt":"2022-02-08T11:36:52","slug":"equip","status":"publish","type":"page","link":"https:\/\/imaxilodental.com\/ca\/equip\/","title":{"rendered":"Equip"},"content":{"rendered":"","protected":false},"excerpt":{"rendered":"","protected":false},"author":1,"featured_media":0,"parent":0,"menu_order":0,"comment_status":"closed","ping_status":"closed","template":"page-pagebuilder.php","meta":{"footnotes":""},"class_list":["post-585","page","type-page","status-publish","hentry"],"yoast_head":"<!-- This site is optimized with the Yoast SEO plugin v27.2 - https:\/\/yoast.com\/product\/yoast-seo-wordpress\/ -->\n<title>Equip - iMaxilodental<\/title>\n<meta name=\"description\" content=\"Posem a la vostra disposici\u00f3 un equip multidisciplinar i estretament lligat al m\u00f3n acad\u00e8mic universitari. Conegui&#039;ns\" \/>\n<meta name=\"robots\" content=\"index, follow, max-snippet:-1, max-image-preview:large, max-video-preview:-1\" \/>\n<link rel=\"canonical\" href=\"https:\/\/imaxilodental.com\/ca\/equip\/\" \/>\n<meta property=\"og:locale\" content=\"ca_ES\" \/>\n<meta property=\"og:type\" content=\"article\" \/>\n<meta property=\"og:title\" content=\"Equip - iMaxilodental\" \/>\n<meta property=\"og:description\" content=\"Posem a la vostra disposici\u00f3 un equip multidisciplinar i estretament lligat al m\u00f3n acad\u00e8mic universitari. Conegui&#039;ns\" \/>\n<meta property=\"og:url\" content=\"https:\/\/imaxilodental.com\/ca\/equip\/\" \/>\n<meta property=\"og:site_name\" content=\"iMaxilodental\" \/>\n<meta property=\"article:modified_time\" content=\"2022-02-08T11:36:52+00:00\" \/>\n<script type=\"application\/ld+json\" class=\"yoast-schema-graph\">{\"@context\":\"https:\/\/schema.org\",\"@graph\":[{\"@type\":\"WebPage\",\"@id\":\"https:\/\/imaxilodental.com\/ca\/equip\/\",\"url\":\"https:\/\/imaxilodental.com\/ca\/equip\/\",\"name\":\"Equip - iMaxilodental\",\"isPartOf\":{\"@id\":\"https:\/\/imaxilodental.com\/#website\"},\"datePublished\":\"2018-08-20T09:21:07+00:00\",\"dateModified\":\"2022-02-08T11:36:52+00:00\",\"description\":\"Posem a la vostra disposici\u00f3 un equip multidisciplinar i estretament lligat al m\u00f3n acad\u00e8mic universitari. Conegui'ns\",\"breadcrumb\":{\"@id\":\"https:\/\/imaxilodental.com\/ca\/equip\/#breadcrumb\"},\"inLanguage\":\"ca\",\"potentialAction\":[{\"@type\":\"ReadAction\",\"target\":[\"https:\/\/imaxilodental.com\/ca\/equip\/\"]}]},{\"@type\":\"BreadcrumbList\",\"@id\":\"https:\/\/imaxilodental.com\/ca\/equip\/#breadcrumb\",\"itemListElement\":[{\"@type\":\"ListItem\",\"position\":1,\"name\":\"Portada\",\"item\":\"https:\/\/imaxilodental.com\/ca\/\"},{\"@type\":\"ListItem\",\"position\":2,\"name\":\"Equip\"}]},{\"@type\":\"WebSite\",\"@id\":\"https:\/\/imaxilodental.com\/#website\",\"url\":\"https:\/\/imaxilodental.com\/\",\"name\":\"iMaxilodental\",\"description\":\"\",\"potentialAction\":[{\"@type\":\"SearchAction\",\"target\":{\"@type\":\"EntryPoint\",\"urlTemplate\":\"https:\/\/imaxilodental.com\/?s={search_term_string}\"},\"query-input\":{\"@type\":\"PropertyValueSpecification\",\"valueRequired\":true,\"valueName\":\"search_term_string\"}}],\"inLanguage\":\"ca\"}]}<\/script>\n<!-- \/ Yoast SEO plugin. -->","yoast_head_json":{"title":"Equip - iMaxilodental","description":"Posem a la vostra disposici\u00f3 un equip multidisciplinar i estretament lligat al m\u00f3n acad\u00e8mic universitari. Conegui'ns","robots":{"index":"index","follow":"follow","max-snippet":"max-snippet:-1","max-image-preview":"max-image-preview:large","max-video-preview":"max-video-preview:-1"},"canonical":"https:\/\/imaxilodental.com\/ca\/equip\/","og_locale":"ca_ES","og_type":"article","og_title":"Equip - iMaxilodental","og_description":"Posem a la vostra disposici\u00f3 un equip multidisciplinar i estretament lligat al m\u00f3n acad\u00e8mic universitari. Conegui'ns","og_url":"https:\/\/imaxilodental.com\/ca\/equip\/","og_site_name":"iMaxilodental","article_modified_time":"2022-02-08T11:36:52+00:00","schema":{"@context":"https:\/\/schema.org","@graph":[{"@type":"WebPage","@id":"https:\/\/imaxilodental.com\/ca\/equip\/","url":"https:\/\/imaxilodental.com\/ca\/equip\/","name":"Equip - iMaxilodental","isPartOf":{"@id":"https:\/\/imaxilodental.com\/#website"},"datePublished":"2018-08-20T09:21:07+00:00","dateModified":"2022-02-08T11:36:52+00:00","description":"Posem a la vostra disposici\u00f3 un equip multidisciplinar i estretament lligat al m\u00f3n acad\u00e8mic universitari. Conegui'ns","breadcrumb":{"@id":"https:\/\/imaxilodental.com\/ca\/equip\/#breadcrumb"},"inLanguage":"ca","potentialAction":[{"@type":"ReadAction","target":["https:\/\/imaxilodental.com\/ca\/equip\/"]}]},{"@type":"BreadcrumbList","@id":"https:\/\/imaxilodental.com\/ca\/equip\/#breadcrumb","itemListElement":[{"@type":"ListItem","position":1,"name":"Portada","item":"https:\/\/imaxilodental.com\/ca\/"},{"@type":"ListItem","position":2,"name":"Equip"}]},{"@type":"WebSite","@id":"https:\/\/imaxilodental.com\/#website","url":"https:\/\/imaxilodental.com\/","name":"iMaxilodental","description":"","potentialAction":[{"@type":"SearchAction","target":{"@type":"EntryPoint","urlTemplate":"https:\/\/imaxilodental.com\/?s={search_term_string}"},"query-input":{"@type":"PropertyValueSpecification","valueRequired":true,"valueName":"search_term_string"}}],"inLanguage":"ca"}]}},"meta_box":{"header-image":[],"header-title":"","header-text":"","header-cta":"","form-intro":[],"form-code":"","ready-image-before":[],"ready-image-after":[],"ready-title":"","ready-text":"","finance-image":[],"finance-title":"","finance-text":"","highlights-title":"","highlights":[],"patients-title":"","patients":[],"footer-text":"","footer-image":[],"footer-cta-text":""},"_links":{"self":[{"href":"https:\/\/imaxilodental.com\/ca\/wp-json\/wp\/v2\/pages\/585","targetHints":{"allow":["GET"]}}],"collection":[{"href":"https:\/\/imaxilodental.com\/ca\/wp-json\/wp\/v2\/pages"}],"about":[{"href":"https:\/\/imaxilodental.com\/ca\/wp-json\/wp\/v2\/types\/page"}],"author":[{"embeddable":true,"href":"https:\/\/imaxilodental.com\/ca\/wp-json\/wp\/v2\/users\/1"}],"replies":[{"embeddable":true,"href":"https:\/\/imaxilodental.com\/ca\/wp-json\/wp\/v2\/comments?post=585"}],"version-history":[{"count":1,"href":"https:\/\/imaxilodental.com\/ca\/wp-json\/wp\/v2\/pages\/585\/revisions"}],"predecessor-version":[{"id":586,"href":"https:\/\/imaxilodental.com\/ca\/wp-json\/wp\/v2\/pages\/585\/revisions\/586"}],"wp:attachment":[{"href":"https:\/\/imaxilodental.com\/ca\/wp-json\/wp\/v2\/media?parent=585"}],"curies":[{"name":"wp","href":"https:\/\/api.w.org\/{rel}","templated":true}]}}