{"id":583,"date":"2018-08-20T09:19:40","date_gmt":"2018-08-20T09:19:40","guid":{"rendered":"https:\/\/imaxilodental.com\/?page_id=583"},"modified":"2022-01-10T13:11:52","modified_gmt":"2022-01-10T13:11:52","slug":"contacte","status":"publish","type":"page","link":"https:\/\/imaxilodental.com\/ca\/contacte\/","title":{"rendered":"Contacte"},"content":{"rendered":"","protected":false},"excerpt":{"rendered":"","protected":false},"author":1,"featured_media":0,"parent":0,"menu_order":0,"comment_status":"closed","ping_status":"closed","template":"page-pagebuilder.php","meta":{"footnotes":""},"class_list":["post-583","page","type-page","status-publish","hentry"],"yoast_head":"<!-- This site is optimized with the Yoast SEO plugin v27.2 - https:\/\/yoast.com\/product\/yoast-seo-wordpress\/ -->\n<title>Contacte - iMaxilodental<\/title>\n<meta name=\"description\" content=\"Cont\u00e1ctanos. Estamos en la calle Bernat Metge 24 de Mollet del Vall\u00e8s. Ll\u00e1manos al 931 279 804 o escribe a atencionpaciente@imaxilodental.com\" \/>\n<meta name=\"robots\" content=\"index, follow, max-snippet:-1, max-image-preview:large, max-video-preview:-1\" \/>\n<link rel=\"canonical\" href=\"https:\/\/imaxilodental.com\/ca\/contacte\/\" \/>\n<meta property=\"og:locale\" content=\"ca_ES\" \/>\n<meta property=\"og:type\" content=\"article\" \/>\n<meta property=\"og:title\" content=\"Contacte - iMaxilodental\" \/>\n<meta property=\"og:description\" content=\"Cont\u00e1ctanos. Estamos en la calle Bernat Metge 24 de Mollet del Vall\u00e8s. Ll\u00e1manos al 931 279 804 o escribe a atencionpaciente@imaxilodental.com\" \/>\n<meta property=\"og:url\" content=\"https:\/\/imaxilodental.com\/ca\/contacte\/\" \/>\n<meta property=\"og:site_name\" content=\"iMaxilodental\" \/>\n<meta property=\"article:modified_time\" content=\"2022-01-10T13:11:52+00:00\" \/>\n<script type=\"application\/ld+json\" class=\"yoast-schema-graph\">{\"@context\":\"https:\/\/schema.org\",\"@graph\":[{\"@type\":\"WebPage\",\"@id\":\"https:\/\/imaxilodental.com\/ca\/contacte\/\",\"url\":\"https:\/\/imaxilodental.com\/ca\/contacte\/\",\"name\":\"Contacte - iMaxilodental\",\"isPartOf\":{\"@id\":\"https:\/\/imaxilodental.com\/#website\"},\"datePublished\":\"2018-08-20T09:19:40+00:00\",\"dateModified\":\"2022-01-10T13:11:52+00:00\",\"description\":\"Cont\u00e1ctanos. Estamos en la calle Bernat Metge 24 de Mollet del Vall\u00e8s. Ll\u00e1manos al 931 279 804 o escribe a atencionpaciente@imaxilodental.com\",\"breadcrumb\":{\"@id\":\"https:\/\/imaxilodental.com\/ca\/contacte\/#breadcrumb\"},\"inLanguage\":\"ca\",\"potentialAction\":[{\"@type\":\"ReadAction\",\"target\":[\"https:\/\/imaxilodental.com\/ca\/contacte\/\"]}]},{\"@type\":\"BreadcrumbList\",\"@id\":\"https:\/\/imaxilodental.com\/ca\/contacte\/#breadcrumb\",\"itemListElement\":[{\"@type\":\"ListItem\",\"position\":1,\"name\":\"Portada\",\"item\":\"https:\/\/imaxilodental.com\/ca\/\"},{\"@type\":\"ListItem\",\"position\":2,\"name\":\"Contacte\"}]},{\"@type\":\"WebSite\",\"@id\":\"https:\/\/imaxilodental.com\/#website\",\"url\":\"https:\/\/imaxilodental.com\/\",\"name\":\"iMaxilodental\",\"description\":\"\",\"potentialAction\":[{\"@type\":\"SearchAction\",\"target\":{\"@type\":\"EntryPoint\",\"urlTemplate\":\"https:\/\/imaxilodental.com\/?s={search_term_string}\"},\"query-input\":{\"@type\":\"PropertyValueSpecification\",\"valueRequired\":true,\"valueName\":\"search_term_string\"}}],\"inLanguage\":\"ca\"}]}<\/script>\n<!-- \/ Yoast SEO plugin. -->","yoast_head_json":{"title":"Contacte - iMaxilodental","description":"Cont\u00e1ctanos. Estamos en la calle Bernat Metge 24 de Mollet del Vall\u00e8s. Ll\u00e1manos al 931 279 804 o escribe a atencionpaciente@imaxilodental.com","robots":{"index":"index","follow":"follow","max-snippet":"max-snippet:-1","max-image-preview":"max-image-preview:large","max-video-preview":"max-video-preview:-1"},"canonical":"https:\/\/imaxilodental.com\/ca\/contacte\/","og_locale":"ca_ES","og_type":"article","og_title":"Contacte - iMaxilodental","og_description":"Cont\u00e1ctanos. Estamos en la calle Bernat Metge 24 de Mollet del Vall\u00e8s. Ll\u00e1manos al 931 279 804 o escribe a atencionpaciente@imaxilodental.com","og_url":"https:\/\/imaxilodental.com\/ca\/contacte\/","og_site_name":"iMaxilodental","article_modified_time":"2022-01-10T13:11:52+00:00","schema":{"@context":"https:\/\/schema.org","@graph":[{"@type":"WebPage","@id":"https:\/\/imaxilodental.com\/ca\/contacte\/","url":"https:\/\/imaxilodental.com\/ca\/contacte\/","name":"Contacte - iMaxilodental","isPartOf":{"@id":"https:\/\/imaxilodental.com\/#website"},"datePublished":"2018-08-20T09:19:40+00:00","dateModified":"2022-01-10T13:11:52+00:00","description":"Cont\u00e1ctanos. Estamos en la calle Bernat Metge 24 de Mollet del Vall\u00e8s. Ll\u00e1manos al 931 279 804 o escribe a atencionpaciente@imaxilodental.com","breadcrumb":{"@id":"https:\/\/imaxilodental.com\/ca\/contacte\/#breadcrumb"},"inLanguage":"ca","potentialAction":[{"@type":"ReadAction","target":["https:\/\/imaxilodental.com\/ca\/contacte\/"]}]},{"@type":"BreadcrumbList","@id":"https:\/\/imaxilodental.com\/ca\/contacte\/#breadcrumb","itemListElement":[{"@type":"ListItem","position":1,"name":"Portada","item":"https:\/\/imaxilodental.com\/ca\/"},{"@type":"ListItem","position":2,"name":"Contacte"}]},{"@type":"WebSite","@id":"https:\/\/imaxilodental.com\/#website","url":"https:\/\/imaxilodental.com\/","name":"iMaxilodental","description":"","potentialAction":[{"@type":"SearchAction","target":{"@type":"EntryPoint","urlTemplate":"https:\/\/imaxilodental.com\/?s={search_term_string}"},"query-input":{"@type":"PropertyValueSpecification","valueRequired":true,"valueName":"search_term_string"}}],"inLanguage":"ca"}]}},"meta_box":{"header-image":[],"header-title":"","header-text":"","header-cta":"","form-intro":[],"form-code":"","ready-image-before":[],"ready-image-after":[],"ready-title":"","ready-text":"","finance-image":[],"finance-title":"","finance-text":"","highlights-title":"","highlights":[],"patients-title":"","patients":[],"footer-text":"","footer-image":[],"footer-cta-text":""},"_links":{"self":[{"href":"https:\/\/imaxilodental.com\/ca\/wp-json\/wp\/v2\/pages\/583","targetHints":{"allow":["GET"]}}],"collection":[{"href":"https:\/\/imaxilodental.com\/ca\/wp-json\/wp\/v2\/pages"}],"about":[{"href":"https:\/\/imaxilodental.com\/ca\/wp-json\/wp\/v2\/types\/page"}],"author":[{"embeddable":true,"href":"https:\/\/imaxilodental.com\/ca\/wp-json\/wp\/v2\/users\/1"}],"replies":[{"embeddable":true,"href":"https:\/\/imaxilodental.com\/ca\/wp-json\/wp\/v2\/comments?post=583"}],"version-history":[{"count":1,"href":"https:\/\/imaxilodental.com\/ca\/wp-json\/wp\/v2\/pages\/583\/revisions"}],"predecessor-version":[{"id":584,"href":"https:\/\/imaxilodental.com\/ca\/wp-json\/wp\/v2\/pages\/583\/revisions\/584"}],"wp:attachment":[{"href":"https:\/\/imaxilodental.com\/ca\/wp-json\/wp\/v2\/media?parent=583"}],"curies":[{"name":"wp","href":"https:\/\/api.w.org\/{rel}","templated":true}]}}