{"id":2693,"date":"2022-09-29T11:02:45","date_gmt":"2022-09-29T11:02:45","guid":{"rendered":"https:\/\/imaxilodental.com\/?page_id=2693"},"modified":"2022-09-29T11:03:33","modified_gmt":"2022-09-29T11:03:33","slug":"odontologia-2-0-2","status":"publish","type":"page","link":"https:\/\/imaxilodental.com\/ca\/odontologia-2-0-2\/","title":{"rendered":"Odontolog\u00eda 2.0"},"content":{"rendered":"<p><img loading=\"lazy\" decoding=\"async\" class=\"wp-image-2687 aligncenter\" src=\"https:\/\/imaxilodental.com\/wp-content\/uploads\/2022\/09\/iStock-538474036-300x200.jpg\" alt=\"\" width=\"680\" height=\"453\" srcset=\"https:\/\/imaxilodental.com\/wp-content\/uploads\/2022\/09\/iStock-538474036-300x200.jpg 300w, https:\/\/imaxilodental.com\/wp-content\/uploads\/2022\/09\/iStock-538474036-1024x683.jpg 1024w, https:\/\/imaxilodental.com\/wp-content\/uploads\/2022\/09\/iStock-538474036-768x512.jpg 768w, https:\/\/imaxilodental.com\/wp-content\/uploads\/2022\/09\/iStock-538474036-560x372.jpg 560w, https:\/\/imaxilodental.com\/wp-content\/uploads\/2022\/09\/iStock-538474036-212x140.jpg 212w, https:\/\/imaxilodental.com\/wp-content\/uploads\/2022\/09\/iStock-538474036.jpg 1254w\" sizes=\"auto, (max-width: 680px) 100vw, 680px\" \/><\/p>\n<p>A Institut Maxilodental del Vall\u00e8s ens agrada apostar per les noves tecnologies, ja que ens permeten donar una atenci\u00f3 m\u00e9s eficient, efica\u00e7, r\u00e0pida i c\u00f2moda per als nostres pacients.<\/p>\n<p>Per aix\u00f2, en els nostres tractaments d&#8217;Ortod\u00f2ncia hem integrat un nou sistema de seguiment a dist\u00e0ncia, que ens permetr\u00e0 tenir un control \u00f2ptim del progr\u00e9s dels nostres pacients i alhora minimitzar el nombre de visites al nostre centre.<\/p>\n<blockquote>\n<p><strong>El sistema Dental Monitoring \u00e9s una innovadora App de seguiment per a tractaments dentals que utilitza Intel\u00b7lig\u00e8ncia Artificial per monitoritzar els casos d&#8217;ortod\u00f2ncia a partir de fotografies intraorals.<\/strong><\/p>\n<\/blockquote>\n<p><strong>Com funciona?<\/strong><\/p>\n<p>Molt f\u00e0cil, t&#8217;ho expliquem en 4 passes:<\/p>\n<p>En comen\u00e7ar el tractament d&#8217;ortod\u00f2ncia a l&#8217;Institut Maxilodental del Vall\u00e8s, us indicarem on instal\u00b7lar l&#8217;App de Dental Monitoring, i us donarem els accessoris necessaris per fer correctament les vostres fotografies.<br \/>\nHaur\u00e0s d&#8217;enviar les teves fotografies a les dates indicades pel nostre equip.<br \/>\nEl nostre sistema s&#8217;encarregar\u00e0 de detectar possibles complicacions i de mesurar el teu progr\u00e9s.<br \/>\nUn cop completat aquest proc\u00e9s, ens posarem en contacte amb tu per indicar-te els resultats de la teva an\u00e0lisi, i els passos seg\u00fcents a seguir i\/o data de visita.<\/p>\n<p><img loading=\"lazy\" decoding=\"async\" class=\"alignnone size-medium wp-image-2619\" src=\"https:\/\/imaxilodental.com\/wp-content\/uploads\/2022\/09\/destacado3-300x300.png\" alt=\"\" width=\"300\" height=\"300\" srcset=\"https:\/\/imaxilodental.com\/wp-content\/uploads\/2022\/09\/destacado3-300x300.png 300w, https:\/\/imaxilodental.com\/wp-content\/uploads\/2022\/09\/destacado3-150x150.png 150w, https:\/\/imaxilodental.com\/wp-content\/uploads\/2022\/09\/destacado3-200x200.png 200w, https:\/\/imaxilodental.com\/wp-content\/uploads\/2022\/09\/destacado3.png 554w\" sizes=\"auto, (max-width: 300px) 100vw, 300px\" \/><\/p>\n<p><strong>L&#8217;objectiu d&#8217;aquest innovador sistema \u00e9s fer-te la vida m\u00e9s f\u00e0cil: poder fer un seguiment efectiu al teu tractament, i que ens vinguis a veure nom\u00e9s quan sigui realment necessari.<\/strong><\/p>\n<p>&nbsp;<\/p>\n<p>F\u00e0cil, oi? Pregunta a recepci\u00f3 pel nostre nou sistema de monitoritzaci\u00f3 i passa&#8217;t a l&#8217;Odontologia 2.0.<\/p>\n","protected":false},"excerpt":{"rendered":"<p>A Institut Maxilodental del Vall\u00e8s ens agrada apostar per les noves tecnologies, ja que ens permeten donar una atenci\u00f3 m\u00e9s eficient, efica\u00e7, r\u00e0pida i c\u00f2moda per als nostres pacients. Per aix\u00f2, en els nostres tractaments d&#8217;Ortod\u00f2ncia hem integrat un nou sistema de seguiment a dist\u00e0ncia, que ens permetr\u00e0 tenir un control \u00f2ptim del progr\u00e9s dels [&hellip;]<\/p>\n","protected":false},"author":1,"featured_media":0,"parent":0,"menu_order":1,"comment_status":"closed","ping_status":"closed","template":"","meta":{"footnotes":""},"class_list":["post-2693","page","type-page","status-publish","hentry"],"yoast_head":"<!-- This site is optimized with the Yoast SEO plugin v27.2 - https:\/\/yoast.com\/product\/yoast-seo-wordpress\/ -->\n<title>Odontolog\u00eda 2.0 - iMaxilodental<\/title>\n<meta name=\"robots\" content=\"index, follow, max-snippet:-1, max-image-preview:large, max-video-preview:-1\" \/>\n<link rel=\"canonical\" href=\"https:\/\/imaxilodental.com\/ca\/odontologia-2-0-2\/\" \/>\n<meta property=\"og:locale\" content=\"ca_ES\" \/>\n<meta property=\"og:type\" content=\"article\" \/>\n<meta property=\"og:title\" content=\"Odontolog\u00eda 2.0 - iMaxilodental\" \/>\n<meta property=\"og:description\" content=\"A Institut Maxilodental del Vall\u00e8s ens agrada apostar per les noves tecnologies, ja que ens permeten donar una atenci\u00f3 m\u00e9s eficient, efica\u00e7, r\u00e0pida i c\u00f2moda per als nostres pacients. Per aix\u00f2, en els nostres tractaments d&#8217;Ortod\u00f2ncia hem integrat un nou sistema de seguiment a dist\u00e0ncia, que ens permetr\u00e0 tenir un control \u00f2ptim del progr\u00e9s dels [&hellip;]\" \/>\n<meta property=\"og:url\" content=\"https:\/\/imaxilodental.com\/ca\/odontologia-2-0-2\/\" \/>\n<meta property=\"og:site_name\" content=\"iMaxilodental\" \/>\n<meta property=\"article:modified_time\" content=\"2022-09-29T11:03:33+00:00\" \/>\n<meta property=\"og:image\" content=\"https:\/\/imaxilodental.com\/wp-content\/uploads\/2022\/09\/iStock-538474036-300x200.jpg\" \/>\n<meta name=\"twitter:label1\" content=\"Temps estimat de lectura\" \/>\n\t<meta name=\"twitter:data1\" content=\"2 minuts\" \/>\n<script type=\"application\/ld+json\" class=\"yoast-schema-graph\">{\"@context\":\"https:\/\/schema.org\",\"@graph\":[{\"@type\":\"WebPage\",\"@id\":\"https:\/\/imaxilodental.com\/ca\/odontologia-2-0-2\/\",\"url\":\"https:\/\/imaxilodental.com\/ca\/odontologia-2-0-2\/\",\"name\":\"Odontolog\u00eda 2.0 - iMaxilodental\",\"isPartOf\":{\"@id\":\"https:\/\/imaxilodental.com\/#website\"},\"primaryImageOfPage\":{\"@id\":\"https:\/\/imaxilodental.com\/ca\/odontologia-2-0-2\/#primaryimage\"},\"image\":{\"@id\":\"https:\/\/imaxilodental.com\/ca\/odontologia-2-0-2\/#primaryimage\"},\"thumbnailUrl\":\"https:\/\/imaxilodental.com\/wp-content\/uploads\/2022\/09\/iStock-538474036-300x200.jpg\",\"datePublished\":\"2022-09-29T11:02:45+00:00\",\"dateModified\":\"2022-09-29T11:03:33+00:00\",\"breadcrumb\":{\"@id\":\"https:\/\/imaxilodental.com\/ca\/odontologia-2-0-2\/#breadcrumb\"},\"inLanguage\":\"ca\",\"potentialAction\":[{\"@type\":\"ReadAction\",\"target\":[\"https:\/\/imaxilodental.com\/ca\/odontologia-2-0-2\/\"]}]},{\"@type\":\"ImageObject\",\"inLanguage\":\"ca\",\"@id\":\"https:\/\/imaxilodental.com\/ca\/odontologia-2-0-2\/#primaryimage\",\"url\":\"https:\/\/imaxilodental.com\/wp-content\/uploads\/2022\/09\/iStock-538474036-300x200.jpg\",\"contentUrl\":\"https:\/\/imaxilodental.com\/wp-content\/uploads\/2022\/09\/iStock-538474036-300x200.jpg\"},{\"@type\":\"BreadcrumbList\",\"@id\":\"https:\/\/imaxilodental.com\/ca\/odontologia-2-0-2\/#breadcrumb\",\"itemListElement\":[{\"@type\":\"ListItem\",\"position\":1,\"name\":\"Portada\",\"item\":\"https:\/\/imaxilodental.com\/ca\/\"},{\"@type\":\"ListItem\",\"position\":2,\"name\":\"Odontolog\u00eda 2.0\"}]},{\"@type\":\"WebSite\",\"@id\":\"https:\/\/imaxilodental.com\/#website\",\"url\":\"https:\/\/imaxilodental.com\/\",\"name\":\"iMaxilodental\",\"description\":\"\",\"potentialAction\":[{\"@type\":\"SearchAction\",\"target\":{\"@type\":\"EntryPoint\",\"urlTemplate\":\"https:\/\/imaxilodental.com\/?s={search_term_string}\"},\"query-input\":{\"@type\":\"PropertyValueSpecification\",\"valueRequired\":true,\"valueName\":\"search_term_string\"}}],\"inLanguage\":\"ca\"}]}<\/script>\n<!-- \/ Yoast SEO plugin. -->","yoast_head_json":{"title":"Odontolog\u00eda 2.0 - iMaxilodental","robots":{"index":"index","follow":"follow","max-snippet":"max-snippet:-1","max-image-preview":"max-image-preview:large","max-video-preview":"max-video-preview:-1"},"canonical":"https:\/\/imaxilodental.com\/ca\/odontologia-2-0-2\/","og_locale":"ca_ES","og_type":"article","og_title":"Odontolog\u00eda 2.0 - iMaxilodental","og_description":"A Institut Maxilodental del Vall\u00e8s ens agrada apostar per les noves tecnologies, ja que ens permeten donar una atenci\u00f3 m\u00e9s eficient, efica\u00e7, r\u00e0pida i c\u00f2moda per als nostres pacients. Per aix\u00f2, en els nostres tractaments d&#8217;Ortod\u00f2ncia hem integrat un nou sistema de seguiment a dist\u00e0ncia, que ens permetr\u00e0 tenir un control \u00f2ptim del progr\u00e9s dels [&hellip;]","og_url":"https:\/\/imaxilodental.com\/ca\/odontologia-2-0-2\/","og_site_name":"iMaxilodental","article_modified_time":"2022-09-29T11:03:33+00:00","og_image":[{"url":"https:\/\/imaxilodental.com\/wp-content\/uploads\/2022\/09\/iStock-538474036-300x200.jpg","type":"","width":"","height":""}],"twitter_misc":{"Temps estimat de lectura":"2 minuts"},"schema":{"@context":"https:\/\/schema.org","@graph":[{"@type":"WebPage","@id":"https:\/\/imaxilodental.com\/ca\/odontologia-2-0-2\/","url":"https:\/\/imaxilodental.com\/ca\/odontologia-2-0-2\/","name":"Odontolog\u00eda 2.0 - iMaxilodental","isPartOf":{"@id":"https:\/\/imaxilodental.com\/#website"},"primaryImageOfPage":{"@id":"https:\/\/imaxilodental.com\/ca\/odontologia-2-0-2\/#primaryimage"},"image":{"@id":"https:\/\/imaxilodental.com\/ca\/odontologia-2-0-2\/#primaryimage"},"thumbnailUrl":"https:\/\/imaxilodental.com\/wp-content\/uploads\/2022\/09\/iStock-538474036-300x200.jpg","datePublished":"2022-09-29T11:02:45+00:00","dateModified":"2022-09-29T11:03:33+00:00","breadcrumb":{"@id":"https:\/\/imaxilodental.com\/ca\/odontologia-2-0-2\/#breadcrumb"},"inLanguage":"ca","potentialAction":[{"@type":"ReadAction","target":["https:\/\/imaxilodental.com\/ca\/odontologia-2-0-2\/"]}]},{"@type":"ImageObject","inLanguage":"ca","@id":"https:\/\/imaxilodental.com\/ca\/odontologia-2-0-2\/#primaryimage","url":"https:\/\/imaxilodental.com\/wp-content\/uploads\/2022\/09\/iStock-538474036-300x200.jpg","contentUrl":"https:\/\/imaxilodental.com\/wp-content\/uploads\/2022\/09\/iStock-538474036-300x200.jpg"},{"@type":"BreadcrumbList","@id":"https:\/\/imaxilodental.com\/ca\/odontologia-2-0-2\/#breadcrumb","itemListElement":[{"@type":"ListItem","position":1,"name":"Portada","item":"https:\/\/imaxilodental.com\/ca\/"},{"@type":"ListItem","position":2,"name":"Odontolog\u00eda 2.0"}]},{"@type":"WebSite","@id":"https:\/\/imaxilodental.com\/#website","url":"https:\/\/imaxilodental.com\/","name":"iMaxilodental","description":"","potentialAction":[{"@type":"SearchAction","target":{"@type":"EntryPoint","urlTemplate":"https:\/\/imaxilodental.com\/?s={search_term_string}"},"query-input":{"@type":"PropertyValueSpecification","valueRequired":true,"valueName":"search_term_string"}}],"inLanguage":"ca"}]}},"meta_box":{"header-image":[],"header-title":"","header-text":"","header-cta":"","form-intro":[],"form-code":"","ready-image-before":[],"ready-image-after":[],"ready-title":"","ready-text":"","finance-image":[],"finance-title":"","finance-text":"","highlights-title":"","highlights":[],"patients-title":"","patients":[],"footer-text":"","footer-image":[],"footer-cta-text":""},"_links":{"self":[{"href":"https:\/\/imaxilodental.com\/ca\/wp-json\/wp\/v2\/pages\/2693","targetHints":{"allow":["GET"]}}],"collection":[{"href":"https:\/\/imaxilodental.com\/ca\/wp-json\/wp\/v2\/pages"}],"about":[{"href":"https:\/\/imaxilodental.com\/ca\/wp-json\/wp\/v2\/types\/page"}],"author":[{"embeddable":true,"href":"https:\/\/imaxilodental.com\/ca\/wp-json\/wp\/v2\/users\/1"}],"replies":[{"embeddable":true,"href":"https:\/\/imaxilodental.com\/ca\/wp-json\/wp\/v2\/comments?post=2693"}],"version-history":[{"count":3,"href":"https:\/\/imaxilodental.com\/ca\/wp-json\/wp\/v2\/pages\/2693\/revisions"}],"predecessor-version":[{"id":2696,"href":"https:\/\/imaxilodental.com\/ca\/wp-json\/wp\/v2\/pages\/2693\/revisions\/2696"}],"wp:attachment":[{"href":"https:\/\/imaxilodental.com\/ca\/wp-json\/wp\/v2\/media?parent=2693"}],"curies":[{"name":"wp","href":"https:\/\/api.w.org\/{rel}","templated":true}]}}