{"id":2652,"date":"2022-09-12T14:35:27","date_gmt":"2022-09-12T14:35:27","guid":{"rendered":"https:\/\/imaxilodental.com\/?page_id=2652"},"modified":"2022-09-12T14:39:12","modified_gmt":"2022-09-12T14:39:12","slug":"politica-de-cookies","status":"publish","type":"page","link":"https:\/\/imaxilodental.com\/ca\/politica-de-cookies\/","title":{"rendered":"POL\u00cdTICA DE COOKIES"},"content":{"rendered":"<h1 style=\"text-align: center;\">POL\u00cdTICA DE COOKIES<\/h1>\n<hr \/>\n<p>&nbsp;<\/p>\n<h3>\u00bfQU\u00c9 SON LAS COOKIES?<\/h3>\n<p>Cookie es un fichero que se descarga en su ordenador al acceder a determinadas p\u00e1ginas web. Las cookies permiten a una p\u00e1gina web, entre otras cosas, almacenar y recuperar informaci\u00f3n sobre los h\u00e1bitos de navegaci\u00f3n de un usuario o de su equipo y, dependiendo de la informaci\u00f3n que contengan y de la forma en que utilice su equipo, pueden utilizarse para reconocer al usuario. El navegador del usuario memoriza cookies en el disco duro solamente durante la sesi\u00f3n actual ocupando un espacio de memoria m\u00ednimo y no perjudicando al ordenador. Las cookies no contienen ninguna clase de informaci\u00f3n personal espec\u00edfica, y la mayor\u00eda de las mismas se borran del disco duro al finalizar la sesi\u00f3n de navegador (las denominadas cookies de sesi\u00f3n).<\/p>\n<p>La mayor\u00eda de los navegadores aceptan como est\u00e1ndar a las cookies y, con independencia de las mismas, permiten o impiden en los ajustes de seguridad las cookies temporales o memorizadas.<\/p>\n<p>Sin su expreso consentimiento \u2013mediante la activaci\u00f3n de las cookies en su navegador\u2013 este sitio web no enlazar\u00e1 en las cookies los datos memorizados con sus datos personales proporcionados en el momento del registro o la compra.<\/p>\n<p>&nbsp;<\/p>\n<h3>\u00bfQU\u00c9 TIPOS DE COOKIES UTILIZAMOS EN ESTE SITIO WEB?<\/h3>\n<p>Este sitio web utiliza cookies que permiten el funcionamiento y la prestaci\u00f3n de los servicios ofrecidos en el mismo.<\/p>\n<p>Siguiendo las directrices de la Agencia Espa\u00f1ola de Protecci\u00f3n de Datos procedemos a detallar el uso de cookies que hace esta web con el fin de informarle con la m\u00e1xima exactitud posible.<\/p>\n<p>&nbsp;<\/p>\n<p>Este sitio web utiliza las siguientes cookies propias:<\/p>\n<p><strong>Cookies t\u00e9cnicas<\/strong>: son aquellas que permiten al usuario la navegaci\u00f3n a trav\u00e9s de una p\u00e1gina web, plataforma o aplicaci\u00f3n y la utilizaci\u00f3n de las diferentes opciones o servicios que en ella existan, incluyendo aquellas que el editor utiliza para permitir la gesti\u00f3n y operativa de la p\u00e1gina web y habilitar sus funciones y servicios, como, por ejemplo, controlar el tr\u00e1fico y la comunicaci\u00f3n de datos, identificar la sesi\u00f3n, acceder a partes de acceso restringido, recordar los elementos que integran un pedido, realizar el proceso de compra de un pedido, gestionar el pago, controlar el fraude vinculado a la seguridad del servicio, realizar la solicitud de inscripci\u00f3n o participaci\u00f3n en un evento, contar visitas a efectos de la facturaci\u00f3n de licencias del software con el que funciona el servicio (sitio web, plataforma o aplicaci\u00f3n), utilizar elementos de seguridad durante la navegaci\u00f3n, almacenar contenidos para la difusi\u00f3n de v\u00eddeos o sonido, habilitar contenidos din\u00e1micos (por ejemplo, animaci\u00f3n de carga de un texto o imagen) o compartir contenidos a trav\u00e9s de redes sociales.<\/p>\n<p><strong>Cookies de personalizaci\u00f3n<\/strong>: son aquellas que permiten recordar informaci\u00f3n para que el usuario acceda al servicio con determinadas caracter\u00edsticas que pueden diferenciar su experiencia de la de otros usuarios, como, por ejemplo, el idioma, el n\u00famero de resultados a mostrar cuando el usuario realiza una b\u00fasqueda, el aspecto o contenido del servicio en funci\u00f3n del tipo de navegador a trav\u00e9s del cual el usuario accede al servicio o de la regi\u00f3n desde la que accede al servicio, etc.<\/p>\n<p><strong>Cookies de an\u00e1lisis<\/strong>: Son aqu\u00e9llas que permiten al responsable de las mismas, el seguimiento y an\u00e1lisis del comportamiento de los usuarios de los sitios web a los que est\u00e1n vinculadas. La informaci\u00f3n recogida mediante este tipo de cookies se utiliza en la medici\u00f3n de la actividad de los sitios web, aplicaci\u00f3n o plataforma y para la elaboraci\u00f3n de perfiles de navegaci\u00f3n de los usuarios de dichos sitios, aplicaciones y plataformas, con el fin de introducir mejoras en funci\u00f3n del an\u00e1lisis de los datos de uso que hacen los usuarios del servicio.<\/p>\n<p><strong>Cookies publicitarias<\/strong>: Son aqu\u00e9llas que permiten la gesti\u00f3n, de la forma m\u00e1s eficaz posible, de los espacios publicitarios que, en su caso, el editor haya incluido en una p\u00e1gina web, aplicaci\u00f3n o plataforma desde la que presta el servicio solicitado en base a criterios como el contenido editado o la frecuencia en la que se muestran los anuncios.<\/p>\n<p><strong>Cookies de publicidad comportamental<\/strong>: Son aqu\u00e9llas que permiten la gesti\u00f3n, de la forma m\u00e1s eficaz posible, de los espacios publicitarios que, en su caso, el editor haya incluido en una p\u00e1gina web, aplicaci\u00f3n o plataforma desde la que presta el servicio solicitado. Estas cookies almacenan informaci\u00f3n del comportamiento de los usuarios obtenida a trav\u00e9s de la observaci\u00f3n continuada de sus h\u00e1bitos de navegaci\u00f3n, lo que permite desarrollar un perfil espec\u00edfico para mostrar publicidad en funci\u00f3n del mismo.<\/p>\n<p>&nbsp;<\/p>\n<p>Este sitio web utiliza las siguientes cookies de terceros:<\/p>\n<p><strong>Google Analytics<\/strong>: Almacena cookies para poder elaborar estad\u00edsticas sobre el tr\u00e1fico y volumen de visitas de esta web. Al utilizar este sitio web est\u00e1 consintiendo el tratamiento de informaci\u00f3n acerca de usted por Google. Por tanto, el ejercicio de cualquier derecho en este sentido deber\u00e1 hacerlo comunicando directamente con Google.<\/p>\n<p>&nbsp;<\/p>\n<h3>RESUMEN COOKIES PROPIAS Y DE TERCEROS UTILIZADAS EN ESTE PORTAL WEB Y<br \/>\nCONFIGURACI\u00d3N<\/h3>\n<p>&nbsp;<\/p>\n<ul>\n<li><strong>_bmncc<\/strong> (T\u00e9cnica &#8211; 2 a\u00f1os)<br \/>\nInstalada por el sitio web para guardar la configuraci\u00f3n que ha escogido el visitante sobre el consentimiento de cookies.<\/li>\n<li><strong>test_cookie<\/strong> (Publicitaria &#8211; 15 minutos &#8211; doubleclick)<br \/>\nInstalada por doubleclick, la cookie de prueba ayuda a determinar si el navegador soporta cookies.<\/li>\n<li><strong>_ga<\/strong> (Anal\u00edtica &#8211; 2 a\u00f1os &#8211; Google)<br \/>\nInstalada por Google Analytics, calcula datos de visitante, sesi\u00f3n y campa\u00f1a y tambi\u00e9n mantiene un registro del uso del sitio para el informe de anal\u00edtica. La cookie almacena informaci\u00f3n an\u00f3nima y asigna un identificador aleatorio para poder reconocer a los visitantes.<\/li>\n<li><strong>_gid<\/strong> (Anal\u00edtica &#8211; 1 d\u00eda &#8211; Google)<br \/>\nInstalada por Google Analytics, almacena informaci\u00f3n sobre como un usuario utiliza el sitio web, y a su vez crea informes sobre el rendimiento del sitio. Algunos de los datos recolectados de forma an\u00f3nima pueden ser el n\u00famero de visitantes, el origen de la visita y las p\u00e1ginas que visita.<\/li>\n<li><strong>_gat_gtag_UA_127339432_1<\/strong> (Anal\u00edtica &#8211; 1 minuto &#8211; Google)<br \/>\nInstalada por Google Analytics para poder distinguir los usuarios.<\/li>\n<li><strong>_gat_UA-127339432-1<\/strong> (Anal\u00edtica &#8211; 1 minuto &#8211; Google)<br \/>\nInstalada por Google Analytics y Google Tag Manager para permitir a los due\u00f1os del sitio web mantener un registro del comportamiento de los visitantes y medir el rendimiento del sitio web.<\/li>\n<li><strong>_gcl_au<\/strong> (Anal\u00edtica &#8211; 3 meses &#8211; Google)<br \/>\nInstalada por Google Tag Manager para experimentar la eficiencia de los anuncios en los sitios web que usan su servicio.<\/li>\n<\/ul>\n<p>&nbsp;<\/p>\n<p>&nbsp;<\/p>\n<h3>\nDESACTIVACI\u00d3N O ELIMINACI\u00d3N DE COOKIES<\/h3>\n<p>Al desactivar cookies, algunos de los servicios disponibles podr\u00edan dejar de estar operativos. La forma de deshabilitar las cookies es diferente para cada navegador, pero normalmente puede hacerse desde el men\u00fa Herramientas u Opciones. Tambi\u00e9n puede consultarse el men\u00fa de Ayuda del navegador d\u00f3nde puedes encontrar instrucciones. El usuario podr\u00e1 en cualquier momento elegir qu\u00e9 cookies quiere que funcionen en este sitio web.<\/p>\n<p>Puede usted permitir, bloquear o eliminar las cookies instaladas en su equipo mediante la configuraci\u00f3n de las opciones del navegador instalado en su ordenador:<\/p>\n<ul>\n<li><strong>Microsoft Internet Explorer o Microsoft Edge<\/strong>: <a href=\"http:\/\/windows.microsoft.com\/es-es\/windows-vista\/Block-or-allow-cookies\">http:\/\/windows.microsoft.com\/es-es\/windows-vista\/Block-or-allow-cookies<\/a><\/li>\n<li><strong>Mozilla Firefox<\/strong>: <a href=\"http:\/\/support.mozilla.org\/es\/kb\/impedir-que-los-sitios-web-guarden-sus-preferencia\">http:\/\/support.mozilla.org\/es\/kb\/impedir-que-los-sitios-web-guarden-sus-preferencia<\/a><\/li>\n<li><strong>Chrome<\/strong>: <a href=\"https:\/\/support.google.com\/accounts\/answer\/61416?hl=es\">https:\/\/support.google.com\/accounts\/answer\/61416?hl=es<\/a><\/li>\n<li><strong>Safari<\/strong>: <a href=\"http:\/\/safari.helpmax.net\/es\/privacidad-y-seguridad\/como-gestionar-las-cookies\/\">http:\/\/safari.helpmax.net\/es\/privacidad-y-seguridad\/como-gestionar-las-cookies\/<\/a><\/li>\n<li><strong>Opera<\/strong>: <a href=\"http:\/\/help.opera.com\/Linux\/10.60\/es-ES\/cookies.html\">http:\/\/help.opera.com\/Linux\/10.60\/es-ES\/cookies.html<\/a><\/li>\n<li><strong>Safari para iOS (dispositivos iPhone y iPad)<\/strong>: <a href=\"http:\/\/help.opera.com\/Linux\/10.50\/en\/cookies.html\">http:\/\/help.opera.com\/Linux\/10.50\/en\/cookies.html<\/a><\/li>\n<li><strong>Chrome para Android<\/strong>: <a href=\"https:\/\/support.google.com\/chrome\/answer\/2392971?hl=es\">https:\/\/support.google.com\/chrome\/answer\/2392971?hl=es<\/a><\/li>\n<\/ul>\n<p>Adem\u00e1s, tambi\u00e9n puede gestionar el almac\u00e9n de cookies en su navegador a trav\u00e9s de herramientas como las siguientes:<\/p>\n<p><strong>Ghostery<\/strong>: <a href=\"https:\/\/www.ghostery.com\">https:\/\/www.ghostery.com<\/a><br \/>\n<strong>Your online choices<\/strong>: <a href=\"https:\/\/www.youronlinechoices.com\/es\/\">https:\/\/www.youronlinechoices.com\/es\/<\/a><\/p>\n<p>Mas informaci\u00f3n relativa a la protecci\u00f3n de sus datos personales en nuestra <a href=\"https:\/\/imaxilodental.com\/ca\/politica-de-privacitat\/\">Pol\u00edtica de Privacidad<\/a>.<\/p>\n<p>El editor se reserva el derecho de cambiar esta pol\u00edtica de cookies si se realizan cambios en la configuraci\u00f3n y\/o uso de las mismas. Se publicar\u00e1 una versi\u00f3n actualizada en esta p\u00e1gina web.<\/p>\n","protected":false},"excerpt":{"rendered":"<p>POL\u00cdTICA DE COOKIES &nbsp; \u00bfQU\u00c9 SON LAS COOKIES? Cookie es un fichero que se descarga en su ordenador al acceder a determinadas p\u00e1ginas web. Las cookies permiten a una p\u00e1gina web, entre otras cosas, almacenar y recuperar informaci\u00f3n sobre los h\u00e1bitos de navegaci\u00f3n de un usuario o de su equipo y, dependiendo de la informaci\u00f3n [&hellip;]<\/p>\n","protected":false},"author":1,"featured_media":0,"parent":0,"menu_order":0,"comment_status":"closed","ping_status":"closed","template":"page-full-width.php","meta":{"footnotes":""},"class_list":["post-2652","page","type-page","status-publish","hentry"],"yoast_head":"<!-- This site is optimized with the Yoast SEO plugin v27.2 - https:\/\/yoast.com\/product\/yoast-seo-wordpress\/ -->\n<title>POL\u00cdTICA DE COOKIES - iMaxilodental<\/title>\n<meta name=\"robots\" content=\"index, follow, max-snippet:-1, max-image-preview:large, max-video-preview:-1\" \/>\n<link rel=\"canonical\" href=\"https:\/\/imaxilodental.com\/ca\/politica-de-cookies\/\" \/>\n<meta property=\"og:locale\" content=\"ca_ES\" \/>\n<meta property=\"og:type\" content=\"article\" \/>\n<meta property=\"og:title\" content=\"POL\u00cdTICA DE COOKIES - iMaxilodental\" \/>\n<meta property=\"og:description\" content=\"POL\u00cdTICA DE COOKIES &nbsp; \u00bfQU\u00c9 SON LAS COOKIES? Cookie es un fichero que se descarga en su ordenador al acceder a determinadas p\u00e1ginas web. Las cookies permiten a una p\u00e1gina web, entre otras cosas, almacenar y recuperar informaci\u00f3n sobre los h\u00e1bitos de navegaci\u00f3n de un usuario o de su equipo y, dependiendo de la informaci\u00f3n [&hellip;]\" \/>\n<meta property=\"og:url\" content=\"https:\/\/imaxilodental.com\/ca\/politica-de-cookies\/\" \/>\n<meta property=\"og:site_name\" content=\"iMaxilodental\" \/>\n<meta property=\"article:modified_time\" content=\"2022-09-12T14:39:12+00:00\" \/>\n<meta name=\"twitter:label1\" content=\"Temps estimat de lectura\" \/>\n\t<meta name=\"twitter:data1\" content=\"6 minuts\" \/>\n<script type=\"application\/ld+json\" class=\"yoast-schema-graph\">{\"@context\":\"https:\/\/schema.org\",\"@graph\":[{\"@type\":\"WebPage\",\"@id\":\"https:\/\/imaxilodental.com\/ca\/politica-de-cookies\/\",\"url\":\"https:\/\/imaxilodental.com\/ca\/politica-de-cookies\/\",\"name\":\"POL\u00cdTICA DE COOKIES - iMaxilodental\",\"isPartOf\":{\"@id\":\"https:\/\/imaxilodental.com\/#website\"},\"datePublished\":\"2022-09-12T14:35:27+00:00\",\"dateModified\":\"2022-09-12T14:39:12+00:00\",\"breadcrumb\":{\"@id\":\"https:\/\/imaxilodental.com\/ca\/politica-de-cookies\/#breadcrumb\"},\"inLanguage\":\"ca\",\"potentialAction\":[{\"@type\":\"ReadAction\",\"target\":[\"https:\/\/imaxilodental.com\/ca\/politica-de-cookies\/\"]}]},{\"@type\":\"BreadcrumbList\",\"@id\":\"https:\/\/imaxilodental.com\/ca\/politica-de-cookies\/#breadcrumb\",\"itemListElement\":[{\"@type\":\"ListItem\",\"position\":1,\"name\":\"Portada\",\"item\":\"https:\/\/imaxilodental.com\/ca\/\"},{\"@type\":\"ListItem\",\"position\":2,\"name\":\"POL\u00cdTICA DE COOKIES\"}]},{\"@type\":\"WebSite\",\"@id\":\"https:\/\/imaxilodental.com\/#website\",\"url\":\"https:\/\/imaxilodental.com\/\",\"name\":\"iMaxilodental\",\"description\":\"\",\"potentialAction\":[{\"@type\":\"SearchAction\",\"target\":{\"@type\":\"EntryPoint\",\"urlTemplate\":\"https:\/\/imaxilodental.com\/?s={search_term_string}\"},\"query-input\":{\"@type\":\"PropertyValueSpecification\",\"valueRequired\":true,\"valueName\":\"search_term_string\"}}],\"inLanguage\":\"ca\"}]}<\/script>\n<!-- \/ Yoast SEO plugin. -->","yoast_head_json":{"title":"POL\u00cdTICA DE COOKIES - iMaxilodental","robots":{"index":"index","follow":"follow","max-snippet":"max-snippet:-1","max-image-preview":"max-image-preview:large","max-video-preview":"max-video-preview:-1"},"canonical":"https:\/\/imaxilodental.com\/ca\/politica-de-cookies\/","og_locale":"ca_ES","og_type":"article","og_title":"POL\u00cdTICA DE COOKIES - iMaxilodental","og_description":"POL\u00cdTICA DE COOKIES &nbsp; \u00bfQU\u00c9 SON LAS COOKIES? Cookie es un fichero que se descarga en su ordenador al acceder a determinadas p\u00e1ginas web. Las cookies permiten a una p\u00e1gina web, entre otras cosas, almacenar y recuperar informaci\u00f3n sobre los h\u00e1bitos de navegaci\u00f3n de un usuario o de su equipo y, dependiendo de la informaci\u00f3n [&hellip;]","og_url":"https:\/\/imaxilodental.com\/ca\/politica-de-cookies\/","og_site_name":"iMaxilodental","article_modified_time":"2022-09-12T14:39:12+00:00","twitter_misc":{"Temps estimat de lectura":"6 minuts"},"schema":{"@context":"https:\/\/schema.org","@graph":[{"@type":"WebPage","@id":"https:\/\/imaxilodental.com\/ca\/politica-de-cookies\/","url":"https:\/\/imaxilodental.com\/ca\/politica-de-cookies\/","name":"POL\u00cdTICA DE COOKIES - iMaxilodental","isPartOf":{"@id":"https:\/\/imaxilodental.com\/#website"},"datePublished":"2022-09-12T14:35:27+00:00","dateModified":"2022-09-12T14:39:12+00:00","breadcrumb":{"@id":"https:\/\/imaxilodental.com\/ca\/politica-de-cookies\/#breadcrumb"},"inLanguage":"ca","potentialAction":[{"@type":"ReadAction","target":["https:\/\/imaxilodental.com\/ca\/politica-de-cookies\/"]}]},{"@type":"BreadcrumbList","@id":"https:\/\/imaxilodental.com\/ca\/politica-de-cookies\/#breadcrumb","itemListElement":[{"@type":"ListItem","position":1,"name":"Portada","item":"https:\/\/imaxilodental.com\/ca\/"},{"@type":"ListItem","position":2,"name":"POL\u00cdTICA DE COOKIES"}]},{"@type":"WebSite","@id":"https:\/\/imaxilodental.com\/#website","url":"https:\/\/imaxilodental.com\/","name":"iMaxilodental","description":"","potentialAction":[{"@type":"SearchAction","target":{"@type":"EntryPoint","urlTemplate":"https:\/\/imaxilodental.com\/?s={search_term_string}"},"query-input":{"@type":"PropertyValueSpecification","valueRequired":true,"valueName":"search_term_string"}}],"inLanguage":"ca"}]}},"meta_box":{"header-image":[],"header-title":"","header-text":"","header-cta":"","form-intro":[],"form-code":"","ready-image-before":[],"ready-image-after":[],"ready-title":"","ready-text":"","finance-image":[],"finance-title":"","finance-text":"","highlights-title":"","highlights":[],"patients-title":"","patients":[],"footer-text":"","footer-image":[],"footer-cta-text":""},"_links":{"self":[{"href":"https:\/\/imaxilodental.com\/ca\/wp-json\/wp\/v2\/pages\/2652","targetHints":{"allow":["GET"]}}],"collection":[{"href":"https:\/\/imaxilodental.com\/ca\/wp-json\/wp\/v2\/pages"}],"about":[{"href":"https:\/\/imaxilodental.com\/ca\/wp-json\/wp\/v2\/types\/page"}],"author":[{"embeddable":true,"href":"https:\/\/imaxilodental.com\/ca\/wp-json\/wp\/v2\/users\/1"}],"replies":[{"embeddable":true,"href":"https:\/\/imaxilodental.com\/ca\/wp-json\/wp\/v2\/comments?post=2652"}],"version-history":[{"count":2,"href":"https:\/\/imaxilodental.com\/ca\/wp-json\/wp\/v2\/pages\/2652\/revisions"}],"predecessor-version":[{"id":2657,"href":"https:\/\/imaxilodental.com\/ca\/wp-json\/wp\/v2\/pages\/2652\/revisions\/2657"}],"wp:attachment":[{"href":"https:\/\/imaxilodental.com\/ca\/wp-json\/wp\/v2\/media?parent=2652"}],"curies":[{"name":"wp","href":"https:\/\/api.w.org\/{rel}","templated":true}]}}