{"id":1925,"date":"2021-11-02T13:16:59","date_gmt":"2021-11-02T13:16:59","guid":{"rendered":"https:\/\/imaxilodental.com\/?page_id=1925"},"modified":"2022-02-08T12:13:55","modified_gmt":"2022-02-08T12:13:55","slug":"testimonis-i-opinions","status":"publish","type":"page","link":"https:\/\/imaxilodental.com\/ca\/testimonis-i-opinions\/","title":{"rendered":"Testimonis i Opinions"},"content":{"rendered":"","protected":false},"excerpt":{"rendered":"","protected":false},"author":1,"featured_media":0,"parent":0,"menu_order":0,"comment_status":"closed","ping_status":"closed","template":"page-pagebuilder.php","meta":{"footnotes":""},"class_list":["post-1925","page","type-page","status-publish","hentry"],"yoast_head":"<!-- This site is optimized with the Yoast SEO plugin v27.2 - https:\/\/yoast.com\/product\/yoast-seo-wordpress\/ -->\n<title>Testimonis i Opinions - iMaxilodental<\/title>\n<meta name=\"description\" content=\"Conegueu de primera m\u00e0 les experi\u00e8ncies dels nostres pacients en les diferents especialitats de l&#039;Institut Maxilodental del Vall\u00e8s.\" \/>\n<meta name=\"robots\" content=\"index, follow, max-snippet:-1, max-image-preview:large, max-video-preview:-1\" \/>\n<link rel=\"canonical\" href=\"https:\/\/imaxilodental.com\/ca\/testimonis-i-opinions\/\" \/>\n<meta property=\"og:locale\" content=\"ca_ES\" \/>\n<meta property=\"og:type\" content=\"article\" \/>\n<meta property=\"og:title\" content=\"Testimonis i Opinions - iMaxilodental\" \/>\n<meta property=\"og:description\" content=\"Conegueu de primera m\u00e0 les experi\u00e8ncies dels nostres pacients en les diferents especialitats de l&#039;Institut Maxilodental del Vall\u00e8s.\" \/>\n<meta property=\"og:url\" content=\"https:\/\/imaxilodental.com\/ca\/testimonis-i-opinions\/\" \/>\n<meta property=\"og:site_name\" content=\"iMaxilodental\" \/>\n<meta property=\"article:modified_time\" content=\"2022-02-08T12:13:55+00:00\" \/>\n<script type=\"application\/ld+json\" class=\"yoast-schema-graph\">{\"@context\":\"https:\/\/schema.org\",\"@graph\":[{\"@type\":\"WebPage\",\"@id\":\"https:\/\/imaxilodental.com\/ca\/testimonis-i-opinions\/\",\"url\":\"https:\/\/imaxilodental.com\/ca\/testimonis-i-opinions\/\",\"name\":\"Testimonis i Opinions - iMaxilodental\",\"isPartOf\":{\"@id\":\"https:\/\/imaxilodental.com\/#website\"},\"datePublished\":\"2021-11-02T13:16:59+00:00\",\"dateModified\":\"2022-02-08T12:13:55+00:00\",\"description\":\"Conegueu de primera m\u00e0 les experi\u00e8ncies dels nostres pacients en les diferents especialitats de l'Institut Maxilodental del Vall\u00e8s.\",\"breadcrumb\":{\"@id\":\"https:\/\/imaxilodental.com\/ca\/testimonis-i-opinions\/#breadcrumb\"},\"inLanguage\":\"ca\",\"potentialAction\":[{\"@type\":\"ReadAction\",\"target\":[\"https:\/\/imaxilodental.com\/ca\/testimonis-i-opinions\/\"]}]},{\"@type\":\"BreadcrumbList\",\"@id\":\"https:\/\/imaxilodental.com\/ca\/testimonis-i-opinions\/#breadcrumb\",\"itemListElement\":[{\"@type\":\"ListItem\",\"position\":1,\"name\":\"Portada\",\"item\":\"https:\/\/imaxilodental.com\/ca\/\"},{\"@type\":\"ListItem\",\"position\":2,\"name\":\"Testimonis i Opinions\"}]},{\"@type\":\"WebSite\",\"@id\":\"https:\/\/imaxilodental.com\/#website\",\"url\":\"https:\/\/imaxilodental.com\/\",\"name\":\"iMaxilodental\",\"description\":\"\",\"potentialAction\":[{\"@type\":\"SearchAction\",\"target\":{\"@type\":\"EntryPoint\",\"urlTemplate\":\"https:\/\/imaxilodental.com\/?s={search_term_string}\"},\"query-input\":{\"@type\":\"PropertyValueSpecification\",\"valueRequired\":true,\"valueName\":\"search_term_string\"}}],\"inLanguage\":\"ca\"}]}<\/script>\n<!-- \/ Yoast SEO plugin. -->","yoast_head_json":{"title":"Testimonis i Opinions - iMaxilodental","description":"Conegueu de primera m\u00e0 les experi\u00e8ncies dels nostres pacients en les diferents especialitats de l'Institut Maxilodental del Vall\u00e8s.","robots":{"index":"index","follow":"follow","max-snippet":"max-snippet:-1","max-image-preview":"max-image-preview:large","max-video-preview":"max-video-preview:-1"},"canonical":"https:\/\/imaxilodental.com\/ca\/testimonis-i-opinions\/","og_locale":"ca_ES","og_type":"article","og_title":"Testimonis i Opinions - iMaxilodental","og_description":"Conegueu de primera m\u00e0 les experi\u00e8ncies dels nostres pacients en les diferents especialitats de l'Institut Maxilodental del Vall\u00e8s.","og_url":"https:\/\/imaxilodental.com\/ca\/testimonis-i-opinions\/","og_site_name":"iMaxilodental","article_modified_time":"2022-02-08T12:13:55+00:00","schema":{"@context":"https:\/\/schema.org","@graph":[{"@type":"WebPage","@id":"https:\/\/imaxilodental.com\/ca\/testimonis-i-opinions\/","url":"https:\/\/imaxilodental.com\/ca\/testimonis-i-opinions\/","name":"Testimonis i Opinions - iMaxilodental","isPartOf":{"@id":"https:\/\/imaxilodental.com\/#website"},"datePublished":"2021-11-02T13:16:59+00:00","dateModified":"2022-02-08T12:13:55+00:00","description":"Conegueu de primera m\u00e0 les experi\u00e8ncies dels nostres pacients en les diferents especialitats de l'Institut Maxilodental del Vall\u00e8s.","breadcrumb":{"@id":"https:\/\/imaxilodental.com\/ca\/testimonis-i-opinions\/#breadcrumb"},"inLanguage":"ca","potentialAction":[{"@type":"ReadAction","target":["https:\/\/imaxilodental.com\/ca\/testimonis-i-opinions\/"]}]},{"@type":"BreadcrumbList","@id":"https:\/\/imaxilodental.com\/ca\/testimonis-i-opinions\/#breadcrumb","itemListElement":[{"@type":"ListItem","position":1,"name":"Portada","item":"https:\/\/imaxilodental.com\/ca\/"},{"@type":"ListItem","position":2,"name":"Testimonis i Opinions"}]},{"@type":"WebSite","@id":"https:\/\/imaxilodental.com\/#website","url":"https:\/\/imaxilodental.com\/","name":"iMaxilodental","description":"","potentialAction":[{"@type":"SearchAction","target":{"@type":"EntryPoint","urlTemplate":"https:\/\/imaxilodental.com\/?s={search_term_string}"},"query-input":{"@type":"PropertyValueSpecification","valueRequired":true,"valueName":"search_term_string"}}],"inLanguage":"ca"}]}},"meta_box":{"header-image":[],"header-title":"","header-text":"","header-cta":"","form-intro":[],"form-code":"","ready-image-before":[],"ready-image-after":[],"ready-title":"","ready-text":"","finance-image":[],"finance-title":"","finance-text":"","highlights-title":"","highlights":[],"patients-title":"","patients":[],"footer-text":"","footer-image":[],"footer-cta-text":""},"_links":{"self":[{"href":"https:\/\/imaxilodental.com\/ca\/wp-json\/wp\/v2\/pages\/1925","targetHints":{"allow":["GET"]}}],"collection":[{"href":"https:\/\/imaxilodental.com\/ca\/wp-json\/wp\/v2\/pages"}],"about":[{"href":"https:\/\/imaxilodental.com\/ca\/wp-json\/wp\/v2\/types\/page"}],"author":[{"embeddable":true,"href":"https:\/\/imaxilodental.com\/ca\/wp-json\/wp\/v2\/users\/1"}],"replies":[{"embeddable":true,"href":"https:\/\/imaxilodental.com\/ca\/wp-json\/wp\/v2\/comments?post=1925"}],"version-history":[{"count":1,"href":"https:\/\/imaxilodental.com\/ca\/wp-json\/wp\/v2\/pages\/1925\/revisions"}],"predecessor-version":[{"id":1926,"href":"https:\/\/imaxilodental.com\/ca\/wp-json\/wp\/v2\/pages\/1925\/revisions\/1926"}],"wp:attachment":[{"href":"https:\/\/imaxilodental.com\/ca\/wp-json\/wp\/v2\/media?parent=1925"}],"curies":[{"name":"wp","href":"https:\/\/api.w.org\/{rel}","templated":true}]}}